{"id":62,"date":"2015-05-03T14:13:10","date_gmt":"2015-05-03T12:13:10","guid":{"rendered":"http:\/\/inside-business.org\/eamdigital2021\/?page_id=62"},"modified":"2018-07-06T10:47:24","modified_gmt":"2018-07-06T08:47:24","slug":"kontakt","status":"publish","type":"page","link":"https:\/\/inside-business.org\/eamdigital2021\/kontakt\/","title":{"rendered":"Kontakt"},"content":{"rendered":"<p>[et_pb_section bb_built=&#8220;1&#8243; fullwidth=&#8220;on&#8220; specialty=&#8220;off&#8220; _builder_version=&#8220;3.7&#8243;][et_pb_fullwidth_header _builder_version=&#8220;3.7&#8243; title=&#8220;Kontakt&#8220; background_image=&#8220;https:\/\/inside-business.org\/eamdigital2021\/wp-content\/uploads\/sites\/35\/2017\/12\/Kontakt-ResizedFHD.jpg&#8220; text_orientation=&#8220;center&#8220; header_fullscreen=&#8220;on&#8220; background_layout=&#8220;light&#8220; text_shadow_style=&#8220;preset2&#8243; content_text_color=&#8220;#000000&#8243; content_text_shadow_style=&#8220;preset2&#8243; title_text_color=&#8220;#000000&#8243; subhead_text_color=&#8220;#000000&#8243; subhead_text_shadow_style=&#8220;preset2&#8243; title_text_shadow_style=&#8220;preset2&#8243; subhead=&#8220;Wir freuen uns, dass Sie sich f\u00fcr unserer Konferenzen interessieren. F\u00fcr Fragen zur Teilnahme und Anmeldung kontaktieren Sie bitte Herrn Marko Lepka. F\u00fcr Fragen bez\u00fcglich einer Referentent\u00e4tigkeit bitte Herrn Simon Staiger.&#8220; background_color=&#8220;rgba(255, 255, 255, 0)&#8220;]<\/p>\n<h4><\/h4>\n<h4><span style=\"color: #000000\">Simon Staiger<\/span><\/h4>\n<p><strong>Head of Conference Production<br \/>\n<\/strong><\/p>\n<p>inside business GbR<br \/>\nGontardstra\u00dfe 11, 4. Etage<br \/>\n10178 Berlin<\/p>\n<p>Tel: +49 176 20 11 24 03 simon.staiger@inside-business.org<\/p>\n<h4><\/h4>\n<h4><span style=\"color: #000000\">Marko Lepka<\/span><\/h4>\n<p><strong>Head of Sales<br \/>\n<\/strong><\/p>\n<p>inside business GbR<br \/>\nGontardstra\u00dfe 11, 4. Etage<br \/>\n10178 Berlin<\/p>\n<p>Tel: +49 174 160 20 33 marko.lepka@inside-business.org<\/p>\n<p>[\/et_pb_fullwidth_header][\/et_pb_section]<\/p>\n","protected":false},"excerpt":{"rendered":"<p>Simon Staiger Head of Conference Production inside business GbR Gontardstra\u00dfe 11, 4. Etage 10178 Berlin Tel: +49 176 20 11 24 03 simon.staiger@inside-business.org Marko Lepka Head of Sales inside business GbR Gontardstra\u00dfe 11, 4. Etage 10178 Berlin Tel: +49 174 160 20 33 marko.lepka@inside-business.org<\/p>\n","protected":false},"author":1,"featured_media":0,"parent":0,"menu_order":0,"comment_status":"open","ping_status":"open","template":"","meta":{"_et_pb_use_builder":"on","_et_pb_old_content":"","_et_gb_content_width":"","footnotes":""},"class_list":["post-62","page","type-page","status-publish","hentry"],"_links":{"self":[{"href":"https:\/\/inside-business.org\/eamdigital2021\/wp-json\/wp\/v2\/pages\/62","targetHints":{"allow":["GET"]}}],"collection":[{"href":"https:\/\/inside-business.org\/eamdigital2021\/wp-json\/wp\/v2\/pages"}],"about":[{"href":"https:\/\/inside-business.org\/eamdigital2021\/wp-json\/wp\/v2\/types\/page"}],"author":[{"embeddable":true,"href":"https:\/\/inside-business.org\/eamdigital2021\/wp-json\/wp\/v2\/users\/1"}],"replies":[{"embeddable":true,"href":"https:\/\/inside-business.org\/eamdigital2021\/wp-json\/wp\/v2\/comments?post=62"}],"version-history":[{"count":18,"href":"https:\/\/inside-business.org\/eamdigital2021\/wp-json\/wp\/v2\/pages\/62\/revisions"}],"predecessor-version":[{"id":1320,"href":"https:\/\/inside-business.org\/eamdigital2021\/wp-json\/wp\/v2\/pages\/62\/revisions\/1320"}],"wp:attachment":[{"href":"https:\/\/inside-business.org\/eamdigital2021\/wp-json\/wp\/v2\/media?parent=62"}],"curies":[{"name":"wp","href":"https:\/\/api.w.org\/{rel}","templated":true}]}}