{"id":999,"date":"2017-12-26T14:53:03","date_gmt":"2017-12-26T13:53:03","guid":{"rendered":"http:\/\/inside-business.org\/ppm2025\/?page_id=999"},"modified":"2025-11-01T23:23:15","modified_gmt":"2025-11-01T22:23:15","slug":"anmeldung-2026","status":"publish","type":"page","link":"https:\/\/inside-business.org\/ppm2025\/anmeldung-2026\/","title":{"rendered":"Anmeldung 2026"},"content":{"rendered":"<p>[et_pb_section fb_built=&#8220;1&#8243; fullwidth=&#8220;on&#8220; _builder_version=&#8220;4.27.2&#8243; global_colors_info=&#8220;{}&#8220;][et_pb_fullwidth_image src=&#8220;https:\/\/inside-business.org\/ppm2025\/wp-content\/uploads\/sites\/45\/2017\/12\/Inside-Agenda._Header-01-1.png&#8220; _builder_version=&#8220;4.16&#8243; global_colors_info=&#8220;{}&#8220;][\/et_pb_fullwidth_image][\/et_pb_section][et_pb_section fb_built=&#8220;1&#8243; admin_label=&#8220;section&#8220; _builder_version=&#8220;4.16&#8243; global_colors_info=&#8220;{}&#8220;][et_pb_row admin_label=&#8220;row&#8220; _builder_version=&#8220;4.16&#8243; background_size=&#8220;initial&#8220; background_position=&#8220;top_left&#8220; background_repeat=&#8220;repeat&#8220; global_colors_info=&#8220;{}&#8220;][et_pb_column type=&#8220;4_4&#8243; _builder_version=&#8220;4.16&#8243; custom_padding=&#8220;|||&#8220; global_colors_info=&#8220;{}&#8220; custom_padding__hover=&#8220;|||&#8220;][et_pb_text _builder_version=&#8220;4.27.4&#8243; text_text_color=&#8220;#000000&#8243; text_font_size=&#8220;18px&#8220; header_text_color=&#8220;#000000&#8243; header_font_size=&#8220;50px&#8220; background_size=&#8220;initial&#8220; background_position=&#8220;top_left&#8220; background_repeat=&#8220;repeat&#8220; module_alignment=&#8220;left&#8220; hover_enabled=&#8220;0&#8243; z_index_tablet=&#8220;500&#8243; global_colors_info=&#8220;{}&#8220; sticky_enabled=&#8220;0&#8243;]<\/p>\n<h1><strong><span style=\"color: #000000\">Anmeldung<\/span><\/strong><\/h1>\n<p><span style=\"color: #000000\">Wir freuen uns, dass Sie sich f\u00fcr die inside business Konferenz &#8222;Agiles IT Demand &amp; Projekt Portfolio Management 2026&#8220; entschieden haben. Der Preis pro Teilnehmer betr\u00e4gt 2.899.- netto (Anbieter, unter Vorbehalt der Zustimmung von inside business, \u20ac3.499 zzgl. MwSt). Die Zahlung erfolgt per \u00dcberweisung nach Rechnungsstellung.<\/span><\/p>\n<ul>\n<li><span style=\"color: #000000\">Bei Fragen kontaktieren Sie bitte Herrn Simon Staiger unter <\/span><span style=\"color: #000000\">Simon.Staiger@inside-business.org oder 0176\/20 11 24 03.<\/span><\/li>\n<\/ul>\n<p>[\/et_pb_text][\/et_pb_column][\/et_pb_row][et_pb_row column_structure=&#8220;3_4,1_4&#8243; _builder_version=&#8220;4.27.2&#8243; background_size=&#8220;initial&#8220; background_position=&#8220;top_left&#8220; background_repeat=&#8220;repeat&#8220; global_colors_info=&#8220;{}&#8220;][et_pb_column type=&#8220;3_4&#8243; _builder_version=&#8220;4.16&#8243; custom_padding=&#8220;|||&#8220; global_colors_info=&#8220;{}&#8220; custom_padding__hover=&#8220;|||&#8220;][et_pb_text _builder_version=&#8220;4.27.2&#8243; text_text_color=&#8220;#000000&#8243; header_text_color=&#8220;#000000&#8243; global_colors_info=&#8220;{}&#8220;]<\/p>\n<div class=\"wpforms-container wpforms-container-full\" id=\"wpforms-1599\"><form id=\"wpforms-form-1599\" class=\"wpforms-validate wpforms-form wpforms-ajax-form\" data-formid=\"1599\" method=\"post\" enctype=\"multipart\/form-data\" action=\"\/ppm2025\/wp-json\/wp\/v2\/pages\/999\" data-token=\"ff55105a5fad15817ed9afd68ac7cd9d\" data-token-time=\"1776766393\"><noscript class=\"wpforms-error-noscript\">Bitte aktiviere JavaScript in deinem Browser, um dieses Formular fertigzustellen.<\/noscript><div class=\"wpforms-field-container\"><div id=\"wpforms-1599-field_9-container\" class=\"wpforms-field wpforms-field-name\" data-field-id=\"9\"><label class=\"wpforms-field-label\">Name <span class=\"wpforms-required-label\">*<\/span><\/label><div class=\"wpforms-field-row wpforms-field-medium\"><div class=\"wpforms-field-row-block wpforms-first wpforms-one-half\"><input type=\"text\" id=\"wpforms-1599-field_9\" class=\"wpforms-field-name-first wpforms-field-required\" name=\"wpforms[fields][9][first]\" required><label for=\"wpforms-1599-field_9\" class=\"wpforms-field-sublabel after\">Vorname<\/label><\/div><div class=\"wpforms-field-row-block wpforms-one-half\"><input type=\"text\" id=\"wpforms-1599-field_9-last\" class=\"wpforms-field-name-last wpforms-field-required\" name=\"wpforms[fields][9][last]\" required><label for=\"wpforms-1599-field_9-last\" class=\"wpforms-field-sublabel after\">Nachname<\/label><\/div><\/div><\/div><div id=\"wpforms-1599-field_13-container\" class=\"wpforms-field wpforms-field-text\" data-field-id=\"13\"><label class=\"wpforms-field-label\" for=\"wpforms-1599-field_13\">Position\/Jobtitel<\/label><input type=\"text\" id=\"wpforms-1599-field_13\" class=\"wpforms-field-medium\" name=\"wpforms[fields][13]\" ><\/div><div id=\"wpforms-1599-field_10-container\" class=\"wpforms-field wpforms-field-email\" data-field-id=\"10\"><label class=\"wpforms-field-label\" for=\"wpforms-1599-field_10\">E-Mail <span class=\"wpforms-required-label\">*<\/span><\/label><input type=\"email\" id=\"wpforms-1599-field_10\" class=\"wpforms-field-medium wpforms-field-required\" name=\"wpforms[fields][10]\" spellcheck=\"false\" required><\/div><div id=\"wpforms-1599-field_8-container\" class=\"wpforms-field wpforms-field-number\" data-field-id=\"8\"><label class=\"wpforms-field-label\" for=\"wpforms-1599-field_8\">Telefonnummer <span class=\"wpforms-required-label\">*<\/span><\/label><input type=\"number\" id=\"wpforms-1599-field_8\" class=\"wpforms-field-medium wpforms-field-required\" name=\"wpforms[fields][8]\" step=\"any\" required><\/div><div id=\"wpforms-1599-field_14-container\" class=\"wpforms-field wpforms-field-number\" data-field-id=\"14\"><label class=\"wpforms-field-label\" for=\"wpforms-1599-field_14\">Mobilnummer<\/label><input type=\"number\" id=\"wpforms-1599-field_14\" class=\"wpforms-field-medium\" name=\"wpforms[fields][14]\" step=\"any\" ><\/div><div id=\"wpforms-1599-field_11-container\" class=\"wpforms-field wpforms-field-text\" data-field-id=\"11\"><label class=\"wpforms-field-label\" for=\"wpforms-1599-field_11\">Unternehmen <span class=\"wpforms-required-label\">*<\/span><\/label><input type=\"text\" id=\"wpforms-1599-field_11\" class=\"wpforms-field-medium wpforms-field-required\" name=\"wpforms[fields][11]\" required><\/div><div id=\"wpforms-1599-field_15-container\" class=\"wpforms-field wpforms-field-text\" data-field-id=\"15\"><label class=\"wpforms-field-label\" for=\"wpforms-1599-field_15\">Strasse, Hausnummer <span class=\"wpforms-required-label\">*<\/span><\/label><input type=\"text\" id=\"wpforms-1599-field_15\" class=\"wpforms-field-medium wpforms-field-required\" name=\"wpforms[fields][15]\" required><\/div><div id=\"wpforms-1599-field_16-container\" class=\"wpforms-field wpforms-field-text\" data-field-id=\"16\"><label class=\"wpforms-field-label\" for=\"wpforms-1599-field_16\">PLZ, Ort <span class=\"wpforms-required-label\">*<\/span><\/label><input type=\"text\" id=\"wpforms-1599-field_16\" class=\"wpforms-field-medium wpforms-field-required\" name=\"wpforms[fields][16]\" required><\/div><div id=\"wpforms-1599-field_23-container\" class=\"wpforms-field wpforms-field-checkbox\" data-field-id=\"23\"><ul id=\"wpforms-1599-field_23\"><li class=\"choice-1 depth-1\"><input type=\"checkbox\" id=\"wpforms-1599-field_23_1\" name=\"wpforms[fields][23][]\" value=\"Anmeldung zur Teilnahme vor Ort. 2.899.- zzgl. USt.\"  ><label class=\"wpforms-field-label-inline\" for=\"wpforms-1599-field_23_1\">Anmeldung zur Teilnahme vor Ort. 2.899.- zzgl. USt.<\/label><\/li><\/ul><div class=\"wpforms-field-description\">Vortr\u00e4ge, Networking, Diskussionsrunden, Abendevent, Kaffeepausen &amp; Fragen an die Referenten<\/div><\/div><div id=\"wpforms-1599-field_24-container\" class=\"wpforms-field wpforms-field-checkbox\" data-field-id=\"24\"><label class=\"wpforms-field-label\">ODER<\/label><ul id=\"wpforms-1599-field_24\"><li class=\"choice-1 depth-1\"><input type=\"checkbox\" id=\"wpforms-1599-field_24_1\" name=\"wpforms[fields][24][]\" value=\"Anmeldung zur Online-Teilnahme 1.899.- zzgl. USt.\"  ><label class=\"wpforms-field-label-inline\" for=\"wpforms-1599-field_24_1\">Anmeldung zur Online-Teilnahme 1.899.- zzgl. USt.<\/label><\/li><\/ul><div class=\"wpforms-field-description\">Vortr\u00e4ge werden gestreamt. Fragen nach den Vortr\u00e4gen an den Referenten sind m\u00f6glich.<\/div><\/div><div id=\"wpforms-1599-field_22-container\" class=\"wpforms-field wpforms-field-textarea\" data-field-id=\"22\"><label class=\"wpforms-field-label\" for=\"wpforms-1599-field_22\">Infos\/Code\/Nachricht<\/label><textarea id=\"wpforms-1599-field_22\" class=\"wpforms-field-medium\" name=\"wpforms[fields][22]\" ><\/textarea><\/div><div id=\"wpforms-1599-field_20-container\" class=\"wpforms-field wpforms-field-checkbox\" data-field-id=\"20\"><ul id=\"wpforms-1599-field_20\" class=\"wpforms-field-required\"><li class=\"choice-1 depth-1\"><input type=\"checkbox\" id=\"wpforms-1599-field_20_1\" name=\"wpforms[fields][20][]\" value=\"Ich habe die AGBs gelesen\" required ><label class=\"wpforms-field-label-inline\" for=\"wpforms-1599-field_20_1\">Ich habe die AGBs gelesen<\/label><\/li><\/ul><div class=\"wpforms-field-description\">https:\/\/inside-business.org\/agbs\/<\/div><\/div><div id=\"wpforms-1599-field_21-container\" class=\"wpforms-field wpforms-field-checkbox\" data-field-id=\"21\"><ul id=\"wpforms-1599-field_21\" class=\"wpforms-field-required\"><li class=\"choice-1 depth-1\"><input type=\"checkbox\" id=\"wpforms-1599-field_21_1\" name=\"wpforms[fields][21][]\" value=\"Meine Daten k\u00f6nne im Zuge der Konferenz von inside business verwendet werden\" required ><label class=\"wpforms-field-label-inline\" for=\"wpforms-1599-field_21_1\">Meine Daten k\u00f6nne im Zuge der Konferenz von inside business verwendet werden<\/label><\/li><\/ul><\/div><\/div><!-- .wpforms-field-container --><div class=\"wpforms-submit-container\" ><input type=\"hidden\" name=\"wpforms[id]\" value=\"1599\"><input type=\"hidden\" name=\"page_title\" value=\"\"><input type=\"hidden\" name=\"page_url\" value=\"https:\/\/inside-business.org\/ppm2025\/wp-json\/wp\/v2\/pages\/999\"><input type=\"hidden\" name=\"url_referer\" value=\"\"><button type=\"submit\" name=\"wpforms[submit]\" id=\"wpforms-submit-1599\" class=\"wpforms-submit\" data-alt-text=\"Senden\u2026\" data-submit-text=\"Absenden\" aria-live=\"assertive\" value=\"wpforms-submit\">Absenden<\/button><img loading=\"lazy\" decoding=\"async\" src=\"https:\/\/inside-business.org\/ppm2025\/wp-content\/plugins\/wpforms-lite\/assets\/images\/submit-spin.svg\" class=\"wpforms-submit-spinner\" style=\"display: none;\" width=\"26\" height=\"26\" alt=\"Wird geladen\"><\/div><\/form><\/div>  <!-- .wpforms-container -->\n<p>[\/et_pb_text][\/et_pb_column][et_pb_column type=&#8220;1_4&#8243; _builder_version=&#8220;4.16&#8243; custom_padding=&#8220;|||&#8220; global_colors_info=&#8220;{}&#8220; custom_padding__hover=&#8220;|||&#8220;][\/et_pb_column][\/et_pb_row][et_pb_row _builder_version=&#8220;4.27.2&#8243; background_size=&#8220;initial&#8220; background_position=&#8220;top_left&#8220; background_repeat=&#8220;repeat&#8220; global_colors_info=&#8220;{}&#8220;][et_pb_column type=&#8220;4_4&#8243; _builder_version=&#8220;4.16&#8243; custom_padding=&#8220;|||&#8220; global_colors_info=&#8220;{}&#8220; custom_padding__hover=&#8220;|||&#8220;][et_pb_text _builder_version=&#8220;4.27.2&#8243; text_text_color=&#8220;#000000&#8243; header_text_color=&#8220;#000000&#8243; header_2_text_color=&#8220;#000000&#8243; background_size=&#8220;initial&#8220; background_position=&#8220;top_left&#8220; background_repeat=&#8220;repeat&#8220; module_alignment=&#8220;left&#8220; z_index_tablet=&#8220;500&#8243; use_border_color=&#8220;off&#8220; global_colors_info=&#8220;{}&#8220;]<\/p>\n<h2 style=\"text-align: right\"><span style=\"color: #000000\">Weitere Informationen<\/span><\/h2>\n<p style=\"text-align: right\"><span style=\"color: #000000\">Herr Simon Staiger, Gesch\u00e4ftsf\u00fchrer, Telefon: +49 (0)176 20 11 24 03, Simon.Staiger@inside-business.org<\/span><\/p>\n<p>[\/et_pb_text][\/et_pb_column][\/et_pb_row][\/et_pb_section]<\/p>\n","protected":false},"excerpt":{"rendered":"<p>Anmeldung Wir freuen uns, dass Sie sich f\u00fcr die inside business Konferenz &#8222;Agiles IT Demand &amp; Projekt Portfolio Management 2026&#8220; entschieden haben. Der Preis pro Teilnehmer betr\u00e4gt 2.899.- netto (Anbieter, unter Vorbehalt der Zustimmung von inside business, \u20ac3.499 zzgl. MwSt). Die Zahlung erfolgt per \u00dcberweisung nach Rechnungsstellung. Bei Fragen kontaktieren Sie bitte Herrn Simon Staiger [&hellip;]<\/p>\n","protected":false},"author":2,"featured_media":0,"parent":0,"menu_order":0,"comment_status":"closed","ping_status":"closed","template":"","meta":{"_et_pb_use_builder":"on","_et_pb_old_content":"","_et_gb_content_width":"","footnotes":""},"class_list":["post-999","page","type-page","status-publish","hentry"],"_links":{"self":[{"href":"https:\/\/inside-business.org\/ppm2025\/wp-json\/wp\/v2\/pages\/999","targetHints":{"allow":["GET"]}}],"collection":[{"href":"https:\/\/inside-business.org\/ppm2025\/wp-json\/wp\/v2\/pages"}],"about":[{"href":"https:\/\/inside-business.org\/ppm2025\/wp-json\/wp\/v2\/types\/page"}],"author":[{"embeddable":true,"href":"https:\/\/inside-business.org\/ppm2025\/wp-json\/wp\/v2\/users\/2"}],"replies":[{"embeddable":true,"href":"https:\/\/inside-business.org\/ppm2025\/wp-json\/wp\/v2\/comments?post=999"}],"version-history":[{"count":48,"href":"https:\/\/inside-business.org\/ppm2025\/wp-json\/wp\/v2\/pages\/999\/revisions"}],"predecessor-version":[{"id":1935,"href":"https:\/\/inside-business.org\/ppm2025\/wp-json\/wp\/v2\/pages\/999\/revisions\/1935"}],"wp:attachment":[{"href":"https:\/\/inside-business.org\/ppm2025\/wp-json\/wp\/v2\/media?parent=999"}],"curies":[{"name":"wp","href":"https:\/\/api.w.org\/{rel}","templated":true}]}}